{"id":12,"date":"2022-12-07T09:43:15","date_gmt":"2022-12-07T09:43:15","guid":{"rendered":"https:\/\/brylujemy.pl\/?page_id=12"},"modified":"2022-12-07T16:48:45","modified_gmt":"2022-12-07T16:48:45","slug":"strona-glowna","status":"publish","type":"page","link":"https:\/\/brylujemy.pl\/en\/","title":{"rendered":"Strona g\u0142\u00f3wna"},"content":{"rendered":"<div class=\"wp-block-cover alignfull is-light hestia-clear-top-padding\" style=\"min-height:853px;aspect-ratio:unset;\"><span aria-hidden=\"true\" class=\"wp-block-cover__background has-white-background-color has-background-dim-100 has-background-dim\"><\/span><div class=\"wp-block-cover__inner-container is-layout-flow wp-block-cover-is-layout-flow\">\n<h2 class=\"has-text-align-center has-text-color wp-block-heading\" style=\"color:#3c4858\">To co jest dla nas wa\u017cne<\/h2>\n\n\n\n<div style=\"height:40px\" aria-hidden=\"true\" class=\"wp-block-spacer\"><\/div>\n\n\n\n<div class=\"wp-block-columns container is-layout-flex wp-container-core-columns-is-layout-28f84493 wp-block-columns-is-layout-flex\">\n<div class=\"wp-block-column is-layout-flow wp-block-column-is-layout-flow\"><div class=\"wp-block-image\">\n<figure class=\"aligncenter size-large\"><img decoding=\"async\" src=\"https:\/\/brylujemy.pl\/wp-content\/themes\/hestia\/assets\/img\/feat1.png\" alt=\"\" class=\"wp-image-70\"\/><\/figure>\n<\/div>\n\n\n<h5 class=\"has-text-align-center has-text-color wp-block-heading\" style=\"color:#3c4858;font-size:18px\">Elastyczno\u015b\u0107<\/h5>\n\n\n\n<p class=\"has-text-align-center has-text-color\" style=\"color:#999999;font-size:14px\">Z uwagi na r\u00f3\u017cnorodno\u015b\u0107 potrzeb Klient\u00f3w mamy \u015bwiadomo\u015b\u0107, i\u017c elastyczno\u015b\u0107 i \u0142atwo\u015b\u0107 dopasowywania si\u0119 do zmieniaj\u0105cych si\u0119 warunk\u00f3w<\/p>\n\n\n\n<div style=\"height:25px\" aria-hidden=\"true\" class=\"wp-block-spacer\"><\/div>\n<\/div>\n\n\n\n<div class=\"wp-block-column is-layout-flow wp-block-column-is-layout-flow\"><div class=\"wp-block-image\">\n<figure class=\"aligncenter size-large\"><img decoding=\"async\" src=\"https:\/\/brylujemy.pl\/wp-content\/themes\/hestia\/assets\/img\/feat2.png\" alt=\"\" class=\"wp-image-71\"\/><\/figure>\n<\/div>\n\n\n<h5 class=\"has-text-align-center has-text-color wp-block-heading\" style=\"color:#3c4858;font-size:18px\">Jako\u015b\u0107<\/h5>\n\n\n\n<p class=\"has-text-align-center has-text-color\" style=\"color:#999999;font-size:14px\">Jako\u015b\u0107 obs\u0142ugi klienta na najwy\u017cszym poziomie w oparciu o do\u015bwiadczenie oraz wiedz\u0119 niezb\u0119dn\u0105 do realizacji projektu<\/p>\n\n\n\n<div style=\"height:25px\" aria-hidden=\"true\" class=\"wp-block-spacer\"><\/div>\n<\/div>\n\n\n\n<div class=\"wp-block-column is-layout-flow wp-block-column-is-layout-flow\"><div class=\"wp-block-image\">\n<figure class=\"aligncenter size-large\"><img decoding=\"async\" src=\"https:\/\/brylujemy.pl\/wp-content\/themes\/hestia\/assets\/img\/feat3.png\" alt=\"\" class=\"wp-image-72\"\/><\/figure>\n<\/div>\n\n\n<h5 class=\"has-text-align-center has-text-color wp-block-heading\" style=\"color:#3c4858;font-size:18px\">Wsparcie<\/h5>\n\n\n\n<p class=\"has-text-align-center has-text-color\" style=\"color:#999999;font-size:14px\">Wsparcie dla potrzeb klient\u00f3w na poszczeg\u00f3lnych poziomach realizacji oraz utrzymania projektu<\/p>\n\n\n\n<div style=\"height:25px\" aria-hidden=\"true\" class=\"wp-block-spacer\"><\/div>\n<\/div>\n<\/div>\n\n\n\n<div style=\"height:100px\" aria-hidden=\"true\" class=\"wp-block-spacer\"><\/div>\n\n\n\n<div style=\"height:40px\" aria-hidden=\"true\" class=\"wp-block-spacer\"><\/div>\n\n\n\n<h2 class=\"has-text-align-center wp-block-heading\">Szeroka wsp\u00f3\u0142praca  oparta na do\u015bwiadczeniu oraz niezb\u0119dnej wiedzy do realizacji Twojego projektu<\/h2>\n\n\n\n<div style=\"height:100px\" aria-hidden=\"true\" class=\"wp-block-spacer\"><\/div>\n\n\n<div class=\"wp-block-image\">\n<figure class=\"aligncenter size-large\"><img loading=\"lazy\" decoding=\"async\" width=\"1024\" height=\"683\" src=\"https:\/\/brylujemy.pl\/wp-content\/uploads\/2022\/12\/4861019-1024x683.jpg\" alt=\"\" class=\"wp-image-198\" srcset=\"https:\/\/brylujemy.pl\/wp-content\/uploads\/2022\/12\/4861019-1024x683.jpg 1024w, https:\/\/brylujemy.pl\/wp-content\/uploads\/2022\/12\/4861019-300x200.jpg 300w, https:\/\/brylujemy.pl\/wp-content\/uploads\/2022\/12\/4861019-768x512.jpg 768w, https:\/\/brylujemy.pl\/wp-content\/uploads\/2022\/12\/4861019-1536x1024.jpg 1536w, https:\/\/brylujemy.pl\/wp-content\/uploads\/2022\/12\/4861019-2048x1365.jpg 2048w, https:\/\/brylujemy.pl\/wp-content\/uploads\/2022\/12\/4861019-18x12.jpg 18w, https:\/\/brylujemy.pl\/wp-content\/uploads\/2022\/12\/4861019-360x240.jpg 360w\" sizes=\"auto, (max-width: 1024px) 100vw, 1024px\" \/><figcaption class=\"wp-element-caption\">Ka\u017cdy biznes jest unikalny i ma w\u0142asnych docelowych odbiorc\u00f3w. Ka\u017cdy posiada sw\u00f3j konkretny cel, do kt\u00f3rego d\u0105\u017cy w biznesie dlatego wsp\u00f3\u0142praca powinna by\u0107 dostosowana przede wszystkim do potrzeb  klient\u00f3w. Aby osi\u0105gn\u0105\u0107 ten cel dobierzemy odpowiednie rozwi\u0105zania oraz doradzimy odpowiedni\u0105 konstrukcj\u0119 mechanizmu od strony programistycznej.<\/figcaption><\/figure>\n<\/div>\n\n\n<p><\/p>\n\n\n\n<div style=\"height:100px\" aria-hidden=\"true\" class=\"wp-block-spacer\"><\/div>\n\n\n\n<h1 class=\"has-text-align-center wp-block-heading\">Brylujemy w jako\u015bci tworzonych projekt\u00f3w<\/h1>\n<\/div><\/div>\n\n\n\n<div style=\"height:100px\" aria-hidden=\"true\" class=\"wp-block-spacer\"><\/div>\n\n\n\n<div class=\"wp-block-columns container is-layout-flex wp-container-core-columns-is-layout-28f84493 wp-block-columns-is-layout-flex\">\n<div class=\"wp-block-column col-md-5 is-layout-flow wp-block-column-is-layout-flow\">\n<div style=\"height:55px\" aria-hidden=\"true\" class=\"wp-block-spacer\"><\/div>\n\n\n\n<h2 class=\"wp-block-heading\">Do\u015bwiadczenie<\/h2>\n\n\n\n<p>To niezb\u0119dny element w dobrej wsp\u00f3\u0142pracy oraz rozumieniu potrzeb klienta.  Wsp\u00f3\u0142pracuj\u0105c z wieloma specjalistami nasze do\u015bwiadczenie z r\u00f3\u017cnymi projektami jest bezcenne.<\/p>\n<\/div>\n\n\n\n<div class=\"wp-block-column col-md-6 col-md-offset1 is-layout-flow wp-block-column-is-layout-flow\">\n<div style=\"height:55px\" aria-hidden=\"true\" class=\"wp-block-spacer\"><\/div>\n\n\n\n<figure class=\"wp-block-image size-large\"><img loading=\"lazy\" decoding=\"async\" width=\"1024\" height=\"683\" src=\"https:\/\/brylujemy.pl\/wp-content\/uploads\/2022\/12\/7855982-1024x683.jpg\" alt=\"\" class=\"wp-image-196\" srcset=\"https:\/\/brylujemy.pl\/wp-content\/uploads\/2022\/12\/7855982-1024x683.jpg 1024w, https:\/\/brylujemy.pl\/wp-content\/uploads\/2022\/12\/7855982-300x200.jpg 300w, https:\/\/brylujemy.pl\/wp-content\/uploads\/2022\/12\/7855982-768x512.jpg 768w, https:\/\/brylujemy.pl\/wp-content\/uploads\/2022\/12\/7855982-1536x1024.jpg 1536w, https:\/\/brylujemy.pl\/wp-content\/uploads\/2022\/12\/7855982-2048x1365.jpg 2048w, https:\/\/brylujemy.pl\/wp-content\/uploads\/2022\/12\/7855982-18x12.jpg 18w, https:\/\/brylujemy.pl\/wp-content\/uploads\/2022\/12\/7855982-360x240.jpg 360w\" sizes=\"auto, (max-width: 1024px) 100vw, 1024px\" \/><\/figure>\n\n\n\n<p><\/p>\n<\/div>\n<\/div>\n\n\n\n<div style=\"height:100px\" aria-hidden=\"true\" class=\"wp-block-spacer\"><\/div>\n\n\n\n<p><\/p>\n\n\n<p><span>Naszych prac nie pozostawiamy samym sobie. Po wykonaniu zlecenia wyja\u015bnimy i zaproponujemy mo\u017cliwo\u015bci rozwoju i promocji nowopowsta\u0142ego serwisu internetowego. Niezale\u017cnie od tego, czy b\u0119dziesz potrzebowa\u0107 ma\u0142ej, czy du\u017cej i bardziej zaawansowanej realizacji, mo\u017cesz mie\u0107 pewno\u015b\u0107, \u017ce b\u0119dzie ona dopasowana do Twoich potrzeb oraz zintegrowana z Twoimi dotychczasowymi rozwi\u0105zaniami. Odpowiednio przemy\u015blane rozwi\u0105zania przydaj\u0105 si\u0119 w wielu sektorach firmy \u2013 zar\u00f3wno w komunikacji wewn\u0119trznej, skierowanej do pracownik\u00f3w, jak i zewn\u0119trznej, kt\u00f3ra kierowana jest do klient\u00f3w, przysz\u0142ych pracownik\u00f3w, partner\u00f3w biznesowych i kontrahent\u00f3w.&nbsp;<\/span><\/p>\n\n\n<div style=\"height:100px\" aria-hidden=\"true\" class=\"wp-block-spacer\"><\/div>\n\n\n\n<h1 class=\"has-text-align-center wp-block-heading\">Sprawd\u017a jak mo\u017cemy Ci pom\u00f3c<\/h1>\n\n\n\n<div style=\"height:100px\" aria-hidden=\"true\" class=\"wp-block-spacer\"><\/div>\n\n\n\n<div class=\"wp-block-group\"><div class=\"wp-block-group__inner-container is-layout-constrained wp-block-group-is-layout-constrained\"><div class=\"wp-block-image\">\n<figure class=\"aligncenter size-large\"><img loading=\"lazy\" decoding=\"async\" width=\"1024\" height=\"683\" src=\"https:\/\/brylujemy.pl\/wp-content\/uploads\/2022\/12\/ilustracja-koncepcja-zespolu-kreatywnego_114360-3894-1024x683.webp\" alt=\"\" class=\"wp-image-204\" srcset=\"https:\/\/brylujemy.pl\/wp-content\/uploads\/2022\/12\/ilustracja-koncepcja-zespolu-kreatywnego_114360-3894-1024x683.webp 1024w, https:\/\/brylujemy.pl\/wp-content\/uploads\/2022\/12\/ilustracja-koncepcja-zespolu-kreatywnego_114360-3894-300x200.webp 300w, https:\/\/brylujemy.pl\/wp-content\/uploads\/2022\/12\/ilustracja-koncepcja-zespolu-kreatywnego_114360-3894-768x512.webp 768w, https:\/\/brylujemy.pl\/wp-content\/uploads\/2022\/12\/ilustracja-koncepcja-zespolu-kreatywnego_114360-3894-1536x1024.webp 1536w, https:\/\/brylujemy.pl\/wp-content\/uploads\/2022\/12\/ilustracja-koncepcja-zespolu-kreatywnego_114360-3894-18x12.webp 18w, https:\/\/brylujemy.pl\/wp-content\/uploads\/2022\/12\/ilustracja-koncepcja-zespolu-kreatywnego_114360-3894-360x240.webp 360w, https:\/\/brylujemy.pl\/wp-content\/uploads\/2022\/12\/ilustracja-koncepcja-zespolu-kreatywnego_114360-3894.webp 1800w\" sizes=\"auto, (max-width: 1024px) 100vw, 1024px\" \/><\/figure>\n<\/div><\/div><\/div>","protected":false},"excerpt":{"rendered":"<p>Do\u015bwiadczenie To niezb\u0119dny element w dobrej wsp\u00f3\u0142pracy oraz rozumieniu potrzeb klienta. Wsp\u00f3\u0142pracuj\u0105c z wieloma specjalistami nasze do\u015bwiadczenie z r\u00f3\u017cnymi projektami jest bezcenne. Naszych prac nie pozostawiamy samym sobie. Po wykonaniu zlecenia wyja\u015bnimy i zaproponujemy mo\u017cliwo\u015bci rozwoju i promocji nowopowsta\u0142ego serwisu internetowego. Niezale\u017cnie od tego, czy b\u0119dziesz potrzebowa\u0107 ma\u0142ej, czy du\u017cej [&hellip;]<\/p>\n","protected":false},"author":1,"featured_media":0,"parent":0,"menu_order":0,"comment_status":"closed","ping_status":"closed","template":"","meta":{"_themeisle_gutenberg_block_has_review":false,"footnotes":""},"class_list":["post-12","page","type-page","status-publish","hentry"],"_links":{"self":[{"href":"https:\/\/brylujemy.pl\/en\/wp-json\/wp\/v2\/pages\/12","targetHints":{"allow":["GET"]}}],"collection":[{"href":"https:\/\/brylujemy.pl\/en\/wp-json\/wp\/v2\/pages"}],"about":[{"href":"https:\/\/brylujemy.pl\/en\/wp-json\/wp\/v2\/types\/page"}],"author":[{"embeddable":true,"href":"https:\/\/brylujemy.pl\/en\/wp-json\/wp\/v2\/users\/1"}],"replies":[{"embeddable":true,"href":"https:\/\/brylujemy.pl\/en\/wp-json\/wp\/v2\/comments?post=12"}],"version-history":[{"count":52,"href":"https:\/\/brylujemy.pl\/en\/wp-json\/wp\/v2\/pages\/12\/revisions"}],"predecessor-version":[{"id":229,"href":"https:\/\/brylujemy.pl\/en\/wp-json\/wp\/v2\/pages\/12\/revisions\/229"}],"wp:attachment":[{"href":"https:\/\/brylujemy.pl\/en\/wp-json\/wp\/v2\/media?parent=12"}],"curies":[{"name":"wp","href":"https:\/\/api.w.org\/{rel}","templated":true}]}}