{"id":2,"date":"2022-12-07T09:34:40","date_gmt":"2022-12-07T09:34:40","guid":{"rendered":"https:\/\/brylujemy.pl\/?page_id=2"},"modified":"2022-12-07T15:50:13","modified_gmt":"2022-12-07T15:50:13","slug":"sample-page","status":"publish","type":"page","link":"https:\/\/brylujemy.pl\/en\/sample-page\/","title":{"rendered":"Dopasowanie"},"content":{"rendered":"<p>Ka\u017cde zadanie wymaga odpowiedniej osoby. Wyj\u0105tkowe czasy renesansu gdy jedna wybitna jednostka mog\u0142a by\u0107 ekspertem w wielu dziedzinach s\u0105 zapisem z naszej historii. Obecnie wzrost wiedzy i szybko\u015b\u0107 zmian w \u015bwiecie technologii s\u0105 bardzo trudne dla \u015bledzenia, a c\u00f3\u017c dopiero nabywania kompetencji w ka\u017cdej dziedzinie. Ta pozorna oczywisto\u015b\u0107 traci sw\u0105 ostro\u015b\u0107 gdy poszukujemy kogo\u015b do wykonania zlecenia dla naszej firmy, szczeg\u00f3lnie takiego kt\u00f3re dla nas samych jest obszarem nieznanym. Niew\u0142a\u015bciwy dob\u00f3r dostawcy to jeden z cz\u0119sto wyst\u0119puj\u0105cych problem\u00f3w.<\/p>\n\n\n\n<blockquote class=\"wp-block-quote is-layout-flow wp-block-quote-is-layout-flow\">\n<p>Jakby sukienka mia\u0142a co\u015b z kameleona i mog\u0142a dopasowa\u0107 si\u0119 do ka\u017cdego o ka\u017cdej porze i w ka\u017cdym miejscu.<\/p>\n<cite>Courtney Cole, \u015awi\u0105teczna sukienka<\/cite><\/blockquote>\n\n\n\n<p>&#8230;aby unikn\u0105\u0107 trudno\u015bci w przysz\u0142o\u015bci nale\u017cy po\u015bwi\u0119ci\u0107 chwil\u0119 czasu na sprawdzenie tego czy jeste\u015bmy dopasowani do realizacji wyznaczonych cel\u00f3w. Nie oznacza to wszak pe\u0142nej kompatybilno\u015bci we wszystkim. To w\u0142a\u015bnie jest kolejny b\u0142\u0105d obok zaniedbania, b\u0142\u0105d nadmiernych oczekiwa\u0144. Dopasowanie ma by\u0107 precyzyjne, cz\u0119sto dystans w innych sferach bardziej wspiera ni\u017c os\u0142abia proces realizacji:<\/p>\n\n\n\n<blockquote class=\"wp-block-quote is-layout-flow wp-block-quote-is-layout-flow\">\n<p>Byli\u015bmy uk\u0142adankami z\u0142o\u017conymi z kawa\u0142k\u00f3w o r\u00f3\u017cnych kszta\u0142tach i rozmiarach, ale przez jedn\u0105 kr\u00f3tk\u0105 chwil\u0119, nasze elementy pasowa\u0142y do siebie.<\/p>\n<cite>Belle Aurora, Clash<\/cite><\/blockquote>\n\n\n\n<p>Ostatecznie zale\u017cy nam na tym aby\u015bmy <a href=\"https:\/\/brylujemy.pl\/en\/\">brylowali<\/a> w obszarze kt\u00f3ry jest wa\u017cny dla odbiorcy, a je\u015bli dostawca zna si\u0119 na tym i posiada odpowiednie zasoby aby osi\u0105gn\u0105\u0107 za\u0142o\u017cony cel mo\u017cna podj\u0105\u0107 wyzwanie. <\/p>","protected":false},"excerpt":{"rendered":"<p>Ka\u017cde zadanie wymaga odpowiedniej osoby. Wyj\u0105tkowe czasy renesansu gdy jedna wybitna jednostka mog\u0142a by\u0107 ekspertem w wielu dziedzinach s\u0105 zapisem z naszej historii. Obecnie wzrost wiedzy i szybko\u015b\u0107 zmian w \u015bwiecie technologii s\u0105 bardzo trudne dla \u015bledzenia, a c\u00f3\u017c dopiero nabywania kompetencji w ka\u017cdej dziedzinie. Ta pozorna oczywisto\u015b\u0107 traci sw\u0105 [&hellip;]<\/p>\n","protected":false},"author":1,"featured_media":0,"parent":0,"menu_order":0,"comment_status":"closed","ping_status":"closed","template":"","meta":{"_themeisle_gutenberg_block_has_review":false,"footnotes":""},"class_list":["post-2","page","type-page","status-publish","hentry"],"_links":{"self":[{"href":"https:\/\/brylujemy.pl\/en\/wp-json\/wp\/v2\/pages\/2","targetHints":{"allow":["GET"]}}],"collection":[{"href":"https:\/\/brylujemy.pl\/en\/wp-json\/wp\/v2\/pages"}],"about":[{"href":"https:\/\/brylujemy.pl\/en\/wp-json\/wp\/v2\/types\/page"}],"author":[{"embeddable":true,"href":"https:\/\/brylujemy.pl\/en\/wp-json\/wp\/v2\/users\/1"}],"replies":[{"embeddable":true,"href":"https:\/\/brylujemy.pl\/en\/wp-json\/wp\/v2\/comments?post=2"}],"version-history":[{"count":1,"href":"https:\/\/brylujemy.pl\/en\/wp-json\/wp\/v2\/pages\/2\/revisions"}],"predecessor-version":[{"id":161,"href":"https:\/\/brylujemy.pl\/en\/wp-json\/wp\/v2\/pages\/2\/revisions\/161"}],"wp:attachment":[{"href":"https:\/\/brylujemy.pl\/en\/wp-json\/wp\/v2\/media?parent=2"}],"curies":[{"name":"wp","href":"https:\/\/api.w.org\/{rel}","templated":true}]}}